{"id":220,"date":"2023-05-19T12:33:52","date_gmt":"2023-05-19T15:33:52","guid":{"rendered":"https:\/\/nikoleguimaraes.com.br\/?page_id=220"},"modified":"2023-08-21T15:31:49","modified_gmt":"2023-08-21T18:31:49","slug":"a-dra-nikole","status":"publish","type":"page","link":"https:\/\/nikoleguimaraes.com.br\/?page_id=220","title":{"rendered":"A Dra. Nikole"},"content":{"rendered":"<div data-elementor-type=\"wp-page\" data-elementor-id=\"220\" class=\"elementor elementor-220\">\n\t\t\t\t\t\t\t\t\t<section class=\"elementor-section elementor-top-section elementor-element elementor-element-2c5ac28 elementor-reverse-mobile elementor-section-boxed elementor-section-height-default elementor-section-height-default\" data-id=\"2c5ac28\" data-element_type=\"section\" data-settings=\"{&quot;background_background&quot;:&quot;gradient&quot;,&quot;_ha_eqh_enable&quot;:false}\">\n\t\t\t\t\t\t<div class=\"elementor-container elementor-column-gap-default\">\n\t\t\t\t\t<div class=\"elementor-column elementor-col-50 elementor-top-column elementor-element elementor-element-1c9029e\" data-id=\"1c9029e\" data-element_type=\"column\">\n\t\t\t<div class=\"elementor-widget-wrap elementor-element-populated\">\n\t\t\t\t\t\t\t\t<div class=\"elementor-element elementor-element-274778f elementor-widget elementor-widget-heading\" data-id=\"274778f\" data-element_type=\"widget\" data-widget_type=\"heading.default\">\n\t\t\t\t<div class=\"elementor-widget-container\">\n\t\t\t<style>\/*! elementor - v3.10.2 - 29-01-2023 *\/\n.elementor-heading-title{padding:0;margin:0;line-height:1}.elementor-widget-heading .elementor-heading-title[class*=elementor-size-]>a{color:inherit;font-size:inherit;line-height:inherit}.elementor-widget-heading .elementor-heading-title.elementor-size-small{font-size:15px}.elementor-widget-heading .elementor-heading-title.elementor-size-medium{font-size:19px}.elementor-widget-heading .elementor-heading-title.elementor-size-large{font-size:29px}.elementor-widget-heading .elementor-heading-title.elementor-size-xl{font-size:39px}.elementor-widget-heading .elementor-heading-title.elementor-size-xxl{font-size:59px}<\/style><span class=\"elementor-heading-title elementor-size-default\">A Dra. Nikole Guimar\u00e3es<\/span>\t\t<\/div>\n\t\t\t\t<\/div>\n\t\t\t\t<div class=\"elementor-element elementor-element-b369746 elementor-widget elementor-widget-heading\" data-id=\"b369746\" data-element_type=\"widget\" data-widget_type=\"heading.default\">\n\t\t\t\t<div class=\"elementor-widget-container\">\n\t\t\t<span class=\"elementor-heading-title elementor-size-default\">CRM-MG 96.696 | RQE 9696<\/span>\t\t<\/div>\n\t\t\t\t<\/div>\n\t\t\t\t<div class=\"elementor-element elementor-element-778f00f elementor-widget elementor-widget-heading\" data-id=\"778f00f\" data-element_type=\"widget\" data-widget_type=\"heading.default\">\n\t\t\t\t<div class=\"elementor-widget-container\">\n\t\t\t<h2 class=\"elementor-heading-title elementor-size-default\">Moldando vidas e renovando confian\u00e7as<\/h2>\t\t<\/div>\n\t\t\t\t<\/div>\n\t\t\t\t<div class=\"elementor-element elementor-element-693c322 elementor-widget elementor-widget-heading\" data-id=\"693c322\" data-element_type=\"widget\" data-widget_type=\"heading.default\">\n\t\t\t\t<div class=\"elementor-widget-container\">\n\t\t\t<h2 class=\"elementor-heading-title elementor-size-default\"><p>Meu nome \u00e9 Nikole Guimar\u00e3es Soares Lello sou cirurgi\u00e3 pl\u00e1stica. O que me conduziu a este encontro com a cirurgia pl\u00e1stica foi a minha atrac\u00e3o pessoal pelo belo, bom e verdadeiro. A est\u00e9tica com a ci\u00eancia tem a capacidade de transformar e melhorar as vidas de pessoas.\nSou grata por exercer esta profiss\u00e3o, pois atrav\u00e9s da cirurgia pl\u00e1stica descobri que o prop\u00f3sito de minha vida \u00e9 fazer com que as pessoas encontrem tamb\u00e9m sentido nas suas vidas, trazendo equil\u00edbrio entre mente, corpo f\u00edsico e esp\u00edrito, para que tamb\u00e9m possam expressar sua melhor vers\u00e3o para o mundo e serem protagonistas de suas vidas.\nSou formada em medicina pela faculdade de medicina do Vale do A\u00e7o , especialista em cirurgia geral pelo hospital madre teresa e cirurgi\u00e3 pl\u00e1stica pelo hospital universit\u00e1rio ci\u00eancias m\u00e9dicas.<\/p><\/h2>\t\t<\/div>\n\t\t\t\t<\/div>\n\t\t\t\t<div class=\"elementor-element elementor-element-f9bb8d2 elementor-widget elementor-widget-image\" data-id=\"f9bb8d2\" data-element_type=\"widget\" data-widget_type=\"image.default\">\n\t\t\t\t<div class=\"elementor-widget-container\">\n\t\t\t<style>\/*! elementor - v3.10.2 - 29-01-2023 *\/\n.elementor-widget-image{text-align:center}.elementor-widget-image a{display:inline-block}.elementor-widget-image a img[src$=\".svg\"]{width:48px}.elementor-widget-image img{vertical-align:middle;display:inline-block}<\/style>\t\t\t\t\t\t\t\t\t\t\t\t<img decoding=\"async\" width=\"443\" height=\"71\" src=\"https:\/\/nikoleguimaraes.com.br\/wp-content\/uploads\/2023\/08\/signature-e1692012042185.png\" class=\"attachment-full size-full wp-image-732\" alt=\"\" srcset=\"https:\/\/nikoleguimaraes.com.br\/wp-content\/uploads\/2023\/08\/signature-e1692012042185.png 443w, https:\/\/nikoleguimaraes.com.br\/wp-content\/uploads\/2023\/08\/signature-e1692012042185-300x48.png 300w\" sizes=\"(max-width: 443px) 100vw, 443px\" \/>\t\t\t\t\t\t\t\t\t\t\t\t\t\t\t<\/div>\n\t\t\t\t<\/div>\n\t\t\t\t\t<\/div>\n\t\t<\/div>\n\t\t\t\t<div class=\"elementor-column elementor-col-50 elementor-top-column elementor-element elementor-element-d63478d\" data-id=\"d63478d\" data-element_type=\"column\">\n\t\t\t<div class=\"elementor-widget-wrap elementor-element-populated\">\n\t\t\t\t\t\t\t\t<div class=\"elementor-element elementor-element-2abf8f6 elementor-widget elementor-widget-image\" data-id=\"2abf8f6\" data-element_type=\"widget\" data-widget_type=\"image.default\">\n\t\t\t\t<div class=\"elementor-widget-container\">\n\t\t\t\t\t\t\t\t\t\t\t\t\t\t\t<img decoding=\"async\" width=\"1890\" height=\"2400\" src=\"https:\/\/nikoleguimaraes.com.br\/wp-content\/uploads\/2023\/08\/foto-sobre-nikole-Editado-new.png\" class=\"attachment-full size-full wp-image-520\" alt=\"\" srcset=\"https:\/\/nikoleguimaraes.com.br\/wp-content\/uploads\/2023\/08\/foto-sobre-nikole-Editado-new.png 1890w, https:\/\/nikoleguimaraes.com.br\/wp-content\/uploads\/2023\/08\/foto-sobre-nikole-Editado-new-236x300.png 236w, https:\/\/nikoleguimaraes.com.br\/wp-content\/uploads\/2023\/08\/foto-sobre-nikole-Editado-new-806x1024.png 806w, https:\/\/nikoleguimaraes.com.br\/wp-content\/uploads\/2023\/08\/foto-sobre-nikole-Editado-new-768x975.png 768w, https:\/\/nikoleguimaraes.com.br\/wp-content\/uploads\/2023\/08\/foto-sobre-nikole-Editado-new-1210x1536.png 1210w, https:\/\/nikoleguimaraes.com.br\/wp-content\/uploads\/2023\/08\/foto-sobre-nikole-Editado-new-1613x2048.png 1613w\" sizes=\"(max-width: 1890px) 100vw, 1890px\" \/>\t\t\t\t\t\t\t\t\t\t\t\t\t\t\t<\/div>\n\t\t\t\t<\/div>\n\t\t\t\t<section class=\"elementor-section elementor-inner-section elementor-element elementor-element-2618c8c elementor-section-boxed elementor-section-height-default elementor-section-height-default\" data-id=\"2618c8c\" data-element_type=\"section\" data-settings=\"{&quot;sticky&quot;:&quot;top&quot;,&quot;sticky_parent&quot;:&quot;yes&quot;,&quot;_ha_eqh_enable&quot;:false,&quot;sticky_on&quot;:[&quot;desktop&quot;,&quot;tablet&quot;,&quot;mobile&quot;],&quot;sticky_offset&quot;:0,&quot;sticky_effects_offset&quot;:0}\">\n\t\t\t\t\t\t<div class=\"elementor-container elementor-column-gap-default\">\n\t\t\t\t\t<div class=\"elementor-column elementor-col-33 elementor-inner-column elementor-element elementor-element-682d1e8\" data-id=\"682d1e8\" data-element_type=\"column\">\n\t\t\t<div class=\"elementor-widget-wrap elementor-element-populated\">\n\t\t\t\t\t\t\t\t<div class=\"elementor-element elementor-element-009b1ea elementor-widget elementor-widget-image\" data-id=\"009b1ea\" data-element_type=\"widget\" data-widget_type=\"image.default\">\n\t\t\t\t<div class=\"elementor-widget-container\">\n\t\t\t\t\t\t\t\t\t\t\t\t\t\t\t<img decoding=\"async\" width=\"198\" height=\"48\" src=\"https:\/\/nikoleguimaraes.com.br\/wp-content\/uploads\/2023\/08\/logo-sbcp.png\" class=\"attachment-full size-full wp-image-749\" alt=\"\" \/>\t\t\t\t\t\t\t\t\t\t\t\t\t\t\t<\/div>\n\t\t\t\t<\/div>\n\t\t\t\t\t<\/div>\n\t\t<\/div>\n\t\t\t\t<div class=\"elementor-column elementor-col-33 elementor-inner-column elementor-element elementor-element-797b338\" data-id=\"797b338\" data-element_type=\"column\">\n\t\t\t<div class=\"elementor-widget-wrap elementor-element-populated\">\n\t\t\t\t\t\t\t\t<div class=\"elementor-element elementor-element-fd1555a elementor-widget elementor-widget-image\" data-id=\"fd1555a\" data-element_type=\"widget\" data-widget_type=\"image.default\">\n\t\t\t\t<div class=\"elementor-widget-container\">\n\t\t\t\t\t\t\t\t\t\t\t\t\t\t\t<img decoding=\"async\" width=\"198\" height=\"48\" src=\"https:\/\/nikoleguimaraes.com.br\/wp-content\/uploads\/2023\/08\/logo-sbcp-mg.png\" class=\"attachment-full size-full wp-image-750\" alt=\"\" \/>\t\t\t\t\t\t\t\t\t\t\t\t\t\t\t<\/div>\n\t\t\t\t<\/div>\n\t\t\t\t\t<\/div>\n\t\t<\/div>\n\t\t\t\t<div class=\"elementor-column elementor-col-33 elementor-inner-column elementor-element elementor-element-ac50d1e\" data-id=\"ac50d1e\" data-element_type=\"column\">\n\t\t\t<div class=\"elementor-widget-wrap elementor-element-populated\">\n\t\t\t\t\t\t\t\t<div class=\"elementor-element elementor-element-95dc5b3 elementor-widget elementor-widget-image\" data-id=\"95dc5b3\" data-element_type=\"widget\" data-widget_type=\"image.default\">\n\t\t\t\t<div class=\"elementor-widget-container\">\n\t\t\t\t\t\t\t\t\t\t\t\t\t\t\t<img decoding=\"async\" width=\"198\" height=\"48\" src=\"https:\/\/nikoleguimaraes.com.br\/wp-content\/uploads\/2023\/08\/logo-ordem-dos-medicos-portugal.png\" class=\"attachment-full size-full wp-image-751\" alt=\"\" \/>\t\t\t\t\t\t\t\t\t\t\t\t\t\t\t<\/div>\n\t\t\t\t<\/div>\n\t\t\t\t\t<\/div>\n\t\t<\/div>\n\t\t\t\t\t\t\t<\/div>\n\t\t<\/section>\n\t\t\t\t\t<\/div>\n\t\t<\/div>\n\t\t\t\t\t\t\t<\/div>\n\t\t<\/section>\n\t\t\t\t\t\t\t<\/div>","protected":false},"excerpt":{"rendered":"<p>A Dra. Nikole Guimar\u00e3es CRM-MG 96.696 | RQE 9696 Moldando vidas e renovando confian\u00e7as Meu nome \u00e9 Nikole Guimar\u00e3es Soares Lello sou cirurgi\u00e3 pl\u00e1stica. O que me conduziu a este encontro com a cirurgia pl\u00e1stica foi a minha atrac\u00e3o pessoal pelo belo, bom e verdadeiro. A est\u00e9tica com a ci\u00eancia tem a capacidade de transformar [&hellip;]<\/p>","protected":false},"author":1,"featured_media":0,"parent":0,"menu_order":0,"comment_status":"closed","ping_status":"closed","template":"elementor_header_footer","meta":{"footnotes":""},"class_list":["post-220","page","type-page","status-publish","hentry"],"_links":{"self":[{"href":"https:\/\/nikoleguimaraes.com.br\/index.php?rest_route=\/wp\/v2\/pages\/220","targetHints":{"allow":["GET"]}}],"collection":[{"href":"https:\/\/nikoleguimaraes.com.br\/index.php?rest_route=\/wp\/v2\/pages"}],"about":[{"href":"https:\/\/nikoleguimaraes.com.br\/index.php?rest_route=\/wp\/v2\/types\/page"}],"author":[{"embeddable":true,"href":"https:\/\/nikoleguimaraes.com.br\/index.php?rest_route=\/wp\/v2\/users\/1"}],"replies":[{"embeddable":true,"href":"https:\/\/nikoleguimaraes.com.br\/index.php?rest_route=%2Fwp%2Fv2%2Fcomments&post=220"}],"version-history":[{"count":0,"href":"https:\/\/nikoleguimaraes.com.br\/index.php?rest_route=\/wp\/v2\/pages\/220\/revisions"}],"wp:attachment":[{"href":"https:\/\/nikoleguimaraes.com.br\/index.php?rest_route=%2Fwp%2Fv2%2Fmedia&parent=220"}],"curies":[{"name":"wp","href":"https:\/\/api.w.org\/{rel}","templated":true}]}}